{"id":58,"date":"2022-01-10T05:54:26","date_gmt":"2022-01-10T05:54:26","guid":{"rendered":"https:\/\/academyanatolia.com\/?page_id=58"},"modified":"2026-02-20T07:51:02","modified_gmt":"2026-02-20T07:51:02","slug":"egitimlerimiz","status":"publish","type":"page","link":"https:\/\/academyanatolia.com\/?page_id=58","title":{"rendered":"E\u011e\u0130T\u0130MLER\u0130M\u0130Z"},"content":{"rendered":"<p>&nbsp;<\/p>\n<h4>A\u015fa\u011f\u0131da sekt\u00f6rel e\u011fitimlerimizden baz\u0131lar\u0131n\u0131 bulabilirsiniz.<\/h4>\n<p>24-25-26 | Nisan | 2026<\/p>\n<p>T\u00fcrkiye Be\u015feri T\u0131bbi \u00dcr\u00fcn ( \u0130la\u00e7 ) Ruhsatland\u0131rma Uzman\u0131 Program\u0131<\/p>\n<p><a href=\"https:\/\/academyanatolia.com\/wp-content\/uploads\/2026\/02\/ctd-kf-nisan-26.pdf\">Kat\u0131l\u0131m Formu\u00a0<\/a>\u00a0 \u00a0 \u00a0 \u00a0 \u00a0 \u00a0\/\u00a0 \u00a0\u00a0 \u00a0\u00a0 \u00a0\u00a0 \u00a0 <a href=\"https:\/\/academyanatolia.com\/wp-content\/uploads\/2026\/02\/ctd-prg-nisan-26.pdf\">E\u011fitim detay\u0131 i\u00e7in t\u0131klay\u0131n\u0131z.<\/a><\/p>\n<p>&nbsp;<\/p>\n<p>=======================================================================================<\/p>\n<h3><strong>Tamamlanan e\u011fitimlerimiz.<\/strong><\/h3>\n<p><strong>26-27-28 | Aral\u0131k | 2025<\/strong><\/p>\n<p>T\u00fcrkiye Be\u015feri T\u0131bbi \u00dcr\u00fcn ( \u0130la\u00e7 ) Ruhsatland\u0131rma Uzman\u0131 Program\u0131<\/p>\n<p><strong>21-22-23 | \u015eubat | 2025<\/strong><\/p>\n<p>T\u00fcrkiye Be\u015feri T\u0131bbi \u00dcr\u00fcn ( \u0130la\u00e7 ) Ruhsatland\u0131rma Uzman\u0131 Program\u0131<\/p>\n<p><strong>21-22-23 | Aral\u0131k | 2023<\/strong><\/p>\n<p>T\u00fcrkiye Be\u015feri T\u0131bbi \u00dcr\u00fcn ( \u0130la\u00e7 ) Ruhsatland\u0131rma Uzman\u0131 Program\u0131<\/p>\n<p><strong>04-05-06 | May\u0131s | 2023<\/strong><\/p>\n<p>T\u00fcrkiye Be\u015feri T\u0131bbi \u00dcr\u00fcn ( \u0130la\u00e7 ) Ruhsatland\u0131rma Uzman\u0131 Program\u0131<\/p>\n<p><strong>23 | Kas\u0131m | 2019<\/strong><\/p>\n<p>Yurtd\u0131\u015f\u0131 \u00dcretim Tesisleri \u00dcretilen Be\u015feri T\u0131bbi \u00dcr\u00fcnler \u0130\u00e7in GMP S\u00fcre\u00e7leri E\u011fitim<\/p>\n<p><strong>09 | Kas\u0131m | 2019<\/strong><br \/>\n( GDP ) \u0130yi Depolama ve Da\u011f\u0131t\u0131m Uygulamalar\u0131 E\u011fitimi<\/p>\n<p><strong>02 | Kas\u0131m | 2019<\/strong><br \/>\nGMP \u0130yi \u0130malat Uygulamalar\u0131 E\u011fitimi<\/p>\n<p><strong>01-02-03 | Kas\u0131m | 2019<\/strong><br \/>\nBe\u015feri T\u0131bbi \u00dcr\u00fcn Ruhsatland\u0131rma Uzman\u0131 E\u011fitimi<\/p>\n<p><strong>04-05| May\u0131s | 2019<\/strong><\/p>\n<p>Be\u015feri T\u0131bbi \u00dcr\u00fcn Fiyatland\u0131rma ve Geri \u00d6deme E\u011fitimi<\/p>\n<p><strong>26-27-28 | Nisan | 2019<\/strong><br \/>\nBe\u015feri T\u0131bbi \u00dcr\u00fcn Ruhsatland\u0131rma Uzman\u0131 E\u011fitimi<\/p>\n<p><strong>25 | Nisan | 2019<\/strong><br \/>\nGMP \u0130yi \u0130malat Uygulamalar\u0131 E\u011fitimi<\/p>\n<p><strong>17 | Nisan | 2019<\/strong><\/p>\n<p>( GDP ) \u0130yi Depolama ve Da\u011f\u0131t\u0131m Uygulamalar\u0131 E\u011fitimi<\/p>\n<p><strong>13 | Nisan | 2019<\/strong><\/p>\n<p>Yurtd\u0131\u015f\u0131 \u00dcretim Tesisleri \u00dcretilen Be\u015feri T\u0131bbi \u00dcr\u00fcnler \u0130\u00e7in GMP S\u00fcre\u00e7leri E\u011fitim<\/p>\n<p><strong>28 | \u015eubat | 2019<\/strong><\/p>\n<p>GMP \u0130yi \u0130malat Uygulamalar\u0131 (K\u0130)<\/p>\n<p><strong>09-10-11 | Kas\u0131m | 2018<\/strong><\/p>\n<p>Veteriner T\u0131bbi \u00dcr\u00fcn Ruhsatland\u0131rma Uzman\u0131 E\u011fitimi<\/p>\n<p><strong>02-03 | Kas\u0131m | 2018<\/strong><\/p>\n<p>Be\u015feri T\u0131bbi \u00dcr\u00fcn Fiyatland\u0131rma ve Geri \u00d6deme E\u011fitimi<\/p>\n<p><strong>20 | Temmuz | 2018<\/strong><\/p>\n<p>( GDP ) \u0130yi Depoalama ve Da\u011f\u0131t\u0131m Uygulamalar\u0131 E\u011fitimi (K\u0130)<\/p>\n<p><strong>19 | Temmuz | 2018<\/strong><\/p>\n<p>GMP \u0130yi \u0130malat Uygulamalar\u0131 (K\u0130)<\/p>\n<p><strong>11 | May\u0131s | 2018<\/strong><\/p>\n<p>( GMP ) \u0130yi \u0130malat Uygulamalar\u0131 E\u011fitimi<\/p>\n<p><strong>06-07-08 | May\u0131s | 2018<\/strong><\/p>\n<p>Be\u015feri T\u0131bbi \u00dcr\u00fcn Ruhsatland\u0131rma Uzman\u0131 E\u011fitimi<\/p>\n<p><strong>04 | May\u0131s | 2018<\/strong><\/p>\n<p>( GDP ) \u0130yi Depoalama ve Da\u011f\u0131t\u0131m Uygulamalar\u0131 E\u011fitimi<\/p>\n<p><strong>27-28 | Nisan | 2018<\/strong><\/p>\n<p>Be\u015feri T\u0131bbi \u00dcr\u00fcn Fiyatlad\u0131rma ve Geri \u00d6deme E\u011fitimi<\/p>\n<p><strong>25 | Nisan | 2018<\/strong><\/p>\n<p>Sapma ve D\u00fczeltici ve \u00d6nleyici Faaliyetler Y\u00f6netimi<\/p>\n<p><strong>04 | Mart | 2018<\/strong><\/p>\n<p>GMP \u0130yi \u0130malat Uygulamalar\u0131 (K\u0130)<\/p>\n<p><strong>26 | Ocak | 2018<\/strong><\/p>\n<p>D\u00fczeltici \u00d6nleyici Faaliyetler ve De\u011fi\u015fiklik Kontrol (K\u0130)<\/p>\n<p><strong>26 | Ocak | 2018<\/strong><\/p>\n<p>Sapma ve Kalite Denetimleri (K\u0130)<\/p>\n<p><strong>25 | Ocak | 2018<\/strong><\/p>\n<p>Kalite Risk De\u011ferlendirme (K\u0130)<\/p>\n<p><strong>25 | Ocak | 2018<\/strong><\/p>\n<p>GMP \u0130yi \u0130malat Uygulamalar\u0131 ve D\u00f6k\u00fcmantasyon Uygulamalar\u0131 (K\u0130)<\/p>\n<p><strong>28 | Aral\u0131k | 2017<\/strong><\/p>\n<p>( GDP ) \u0130yi Depoalama ve Da\u011f\u0131t\u0131m Uygulamalar\u0131 E\u011fitimi (K\u0130)<\/p>\n<p><strong>22-23 | Aral\u0131k | 2017<\/strong><\/p>\n<p>Be\u015feri T\u0131bbi \u00dcr\u00fcn Fiyatlad\u0131rma ve Geri \u00d6deme E\u011fitimi<\/p>\n<p><strong>10 | Kas\u0131m | 2017<\/strong><\/p>\n<p>Sapma ve D\u00fczeltici ve \u00d6nleyici Faaliyetler Y\u00f6netimi<\/p>\n<p><strong>03-04-05 | Kas\u0131m | 2017<\/strong><\/p>\n<p>Be\u015feri T\u0131bbi \u00dcr\u00fcn Ruhsatland\u0131rma Uzman\u0131 E\u011fitimi<\/p>\n<p><strong>31 | Ekim | 2017<\/strong><\/p>\n<p>( GDP ) \u0130yi Depoalama ve Da\u011f\u0131t\u0131m Uygulamalar\u0131 E\u011fitimi<\/p>\n<p><strong>27 | Ekim | 2017<\/strong><\/p>\n<p>( GMP ) \u0130yi \u0130malat Uygulamalar\u0131 E\u011fitimi<\/p>\n<p><strong>12-13-14 | May\u0131s | 2017<\/strong><\/p>\n<p>Be\u015feri T\u0131bbi \u00dcr\u00fcn Ruhsatland\u0131rma Uzman\u0131 E\u011fitimi<\/p>\n<p><strong>11 | May\u0131s | 2017<\/strong><\/p>\n<p>Kalite G\u00fcvence D\u00f6k\u00fcmantasyonve Kay\u0131tlar Sistemi E\u011fitimi<\/p>\n<p><strong>08 | May\u0131s | 2017<\/strong><\/p>\n<p>( GMP ) \u0130yi \u0130malat Uygulamalar\u0131 E\u011fitimi<\/p>\n<p><strong>05 | May\u0131s | 2017<\/strong><\/p>\n<p>( GDP ) \u0130yi Depoalama ve Da\u011f\u0131t\u0131m Uygulamalar\u0131 E\u011fitimi<\/p>\n<p><strong>23 | Aral\u0131k | 2016<\/strong><\/p>\n<p>GMP &#8211; GDP (K\u0130)<\/p>\n<p><strong>16 | Aral\u0131k | 2016<\/strong><\/p>\n<p>Kalite G\u00fcvence D\u00f6k\u00fcmantasyonve Kay\u0131tlar Sistemi E\u011fitimi (K\u0130)<\/p>\n<p><strong>16 | Aral\u0131k | 2016<\/strong><\/p>\n<p>( GMP ) \u0130yi \u0130malat Uygulamalar\u0131 E\u011fitimi (K\u0130)<\/p>\n<p><strong>11-12-13 | Kas\u0131m | 2016<\/strong><\/p>\n<p>Be\u015feri T\u0131bbi \u00dcr\u00fcn Ruhsatland\u0131rma Uzman\u0131 E\u011fitimi<\/p>\n<p><strong>07-08 | Kas\u0131m | 2016<\/strong><\/p>\n<p>Be\u015feri T\u0131bbi \u00dcr\u00fcnler \u0130\u00e7in Temel Gereklilikler (K\u0130)<\/p>\n<p><strong>04 | Kas\u0131m | 2016<\/strong><\/p>\n<p>( GMP ) \u0130yi \u0130malat Uygulamalar\u0131 E\u011fitimi<\/p>\n<p><strong>13-14-15 | May\u0131s | 2016<\/strong><\/p>\n<p>Be\u015feri T\u0131bbi \u00dcr\u00fcn Ruhsatland\u0131rma Uzman\u0131 E\u011fitimi<\/p>\n<p><strong>11 | Ocak | 2016<\/strong><\/p>\n<p>GMP &#8211; GDP (K\u0130)<\/p>\n<p><strong>24 | Aral\u0131k | 2015<\/strong><\/p>\n<p>Personel E\u011fitimi ve Kalifikasyonu E\u011fitimi (K\u0130)<\/p>\n<p><strong>25 | Kas\u0131m | 2015<\/strong><\/p>\n<p>( GDP ) \u0130yi Depoalama ve Da\u011f\u0131t\u0131m Uygulamalar\u0131 E\u011fitimi<\/p>\n<p><strong>20 | Kas\u0131m | 2015<\/strong><\/p>\n<p>Kalite G\u00fcvence D\u00f6k\u00fcmantasyonve Kay\u0131tlar Sistemi E\u011fitimi<\/p>\n<p><strong>16 | Kas\u0131m | 2015<\/strong><\/p>\n<p>( GMP ) \u0130yi \u0130malat Uygulamalar\u0131 E\u011fitimi<\/p>\n<p><strong>13-14-15 | Kas\u0131m | 2015<\/strong><\/p>\n<p>T\u00fcrkiye, Avrupa ve Amerika Pazar\u0131 i\u00e7in Be\u015feri T\u0131bbi \u00dcr\u00fcn Ruhsatland\u0131rma Uzman\u0131 E\u011fitimi<\/p>\n<p><strong>29 | May\u0131s | 2015<\/strong><\/p>\n<p>De\u011fi\u015fiklik Kontrol Y\u00f6netimi<\/p>\n<p><strong>22 | May\u0131s | 2015<\/strong><\/p>\n<p>Sapma ve D\u00fczeltici ve \u00d6nleyici Faaliyetler Y\u00f6netimi<\/p>\n<p><strong>09-10 | May\u0131s | 2015<\/strong><\/p>\n<p>CTD Format\u0131nda Be\u015feri T\u0131bbi \u00dcr\u00fcn Ruhsat &amp; Varyason Ba\u015fvurusu Dosya Haz\u0131rlama ve e-CTD Ba\u015fvurular\u0131<\/p>\n<p><strong>02 | Mart | 2015<\/strong><\/p>\n<p>Analitik Metod Validasyonu (K\u0130)<\/p>\n<p><strong>27-28 | Mart | 2015<\/strong><\/p>\n<p>( GDP ) \u0130yi Depolama ve Da\u011f\u0131t\u0131m Uygulamalar\u0131<\/p>\n<p><strong>09 | Mart | 2015<\/strong><\/p>\n<p>Temizlik Y\u00f6netimi Validasyonu<\/p>\n<p><strong>20-21 | Mart | 2015<\/strong><\/p>\n<p>Kalite Risk Y\u00f6netimi ve Risk Analiz Teknikleri<\/p>\n<p><strong>06 | Mart | 2015<\/strong><\/p>\n<p>Proses Validasyonu<\/p>\n<p><strong>02 | Mart | 2015<\/strong><\/p>\n<p>Analitik Metod Validasyonu<\/p>\n<p><strong>26-27 | Aral\u0131k | 2014<\/strong><\/p>\n<p>CTD Format\u0131nda Be\u015feri T\u0131bbi \u00dcr\u00fcn Ruhsat &amp; Varyason Ba\u015fvurusu Dosya Haz\u0131rlama ve e-CTD Ba\u015fvurular\u0131<\/p>\n<p><strong>31 Ekim | 01 Kas\u0131m | 2014<\/strong><\/p>\n<p>( GDP ) \u0130yi Depolama ve Da\u011f\u0131t\u0131m Uygulamalar\u0131<\/p>\n<p><strong>21 | Ekim | 2014<\/strong><\/p>\n<p>Proses Validasyonu<\/p>\n<p><strong>17-18 | Ekim | 2014<\/strong><\/p>\n<p>( GMP ) \u0130yi \u0130malat Uygulamalar\u0131<\/p>\n<p><strong>14 | Ekim | 2014<\/strong><\/p>\n<p>Temizlik Y\u00f6ntemi Validasyonu<\/p>\n<p><strong>30-31 | May\u0131s | 2014<\/strong><\/p>\n<p>CTD Format\u0131nda Be\u015feri T\u0131bbi \u00dcr\u00fcn Ruhsat &amp; Varyason Ba\u015fvurusu Dosya Haz\u0131rlama ve e-CTD Ba\u015fvurular\u0131<\/p>\n<p><strong>07-08 | May\u0131s | 2014<\/strong><\/p>\n<p>Temel Proje Y\u00f6netimi<\/p>\n<p><strong>26 | Mart | 2014<\/strong><\/p>\n<p>( GDP ) \u0130yi Depolama ve Da\u011f\u0131t\u0131m Uygulamalar\u0131<\/p>\n<p><strong>21 | Mart | 2014<\/strong><\/p>\n<p>Proses Validasyonu<\/p>\n<p><strong>19 | Mart | 2014<\/strong><\/p>\n<p>Temizlik Y\u00f6ntemi Validasyonu<\/p>\n<p><strong>17 | Mart | 2014<\/strong><\/p>\n<p>Analitik Metod Validasyonu<\/p>\n<p><strong>03-04 | Mart | 2014<\/strong><\/p>\n<p>( GMP ) \u0130yi \u0130malat Uygulamalar\u0131<\/p>\n<p><strong>23-24 | Aral\u0131k | 2013<\/strong><\/p>\n<p>CTD Format\u0131nda Be\u015feri T\u0131bbi \u00dcr\u00fcn Ruhsat &amp; Varyason Ba\u015fvurusu Dosya Haz\u0131rlama ve e-CTD Ba\u015fvurular\u0131<\/p>\n<p><strong>28-29 | Kas\u0131m | 2013<\/strong><\/p>\n<p>\u0130xU &#8211; \u0130yi Klinik, Laboratuvar, Klinik Laboratuvar, \u0130malat ve Da\u011f\u0131t\u0131m Uygulamalar\u0131<\/p>\n<p><strong>30-31 | May\u0131s | 2013<\/strong><\/p>\n<p>Kalite Risk Y\u00f6netimi ve Risk Analiz Teknikleri<\/p>\n<p><strong>27-28 | May\u0131s | 2013<\/strong><\/p>\n<p>GMP &#8211; Good Manufacturing Practice ( \u0130yi \u0130malat Uygulamalar\u0131 )<\/p>\n<p><strong>25-26 | May\u0131s | 2013<\/strong><\/p>\n<p>CTD Format\u0131nda Be\u015feri T\u0131bbi \u00dcr\u00fcn Ruhsat &amp; Varyason Ba\u015fvurusu Dosya Haz\u0131rlama ve e-CTD Ba\u015fvurular\u0131<\/p>\n<p><strong>16-17 | May\u0131s | 2013<\/strong><\/p>\n<p>Ba\u015far\u0131l\u0131 Ar-Ge nin Yol Haritas\u0131 ve Ar-Ge de Verimlili\u011fin S\u0131rlar\u0131<\/p>\n<p><strong>14-15 | May\u0131s | 2013<\/strong><\/p>\n<p>Temel Proje Y\u00f6netimi<\/p>\n<p><strong>11-12 | May\u0131s | 2013<\/strong><\/p>\n<p>Veteriner T\u0131bbi \u00dcr\u00fcrnlerin Pazarlama \u0130zni &amp; De\u011fi\u015fiklik Ba\u015f.Dos. Haz.<\/p>\n<p><strong>08 | May\u0131s | 2013<\/strong><\/p>\n<p>Zaman Y\u00f6netimi (K\u0130)<\/p>\n<p><strong>07 | May\u0131s | 2013<\/strong><\/p>\n<p>Etkili Tak\u0131m yaratma (K\u0130)<\/p>\n<p><strong>29-30 | Nisan | 2013<\/strong><\/p>\n<p>Risk Bazli ve Yeni Yakla\u015f\u0131mla Temizlik Validasyonu<\/p>\n<p><strong>25-26 | Nisan | 2013<\/strong><\/p>\n<p>GLP &#8211; Good Laboratory Practices ( \u0130yi Laboratuvar Uygulamalar\u0131 )<\/p>\n<p><strong>25-26 | \u015eubat | 2013<\/strong><\/p>\n<p>Risk Bazl\u0131 ve Modern Kalifikasyon<\/p>\n<p><strong>28-29 | Ocak | 2013<\/strong><\/p>\n<p>Kalite Risk Y\u00f6netimi ve Risk Analizler Teknikleri<\/p>\n<p><strong>06-07 | Aral\u0131k | 2012<\/strong><\/p>\n<p>Temizlik Validasyonu ( CASE STUDY &amp; WORKSHOP )<\/p>\n<p><strong>17-18 | Ekim | 2012<\/strong><\/p>\n<p>Temel Proje Y\u00f6netimi<\/p>\n<p><strong>15-16 | Ekim | 2012<\/strong><\/p>\n<p>CTD Format\u0131nda \u0130la\u00e7 Ruhsat Dosyas\u0131 Haz\u0131rlama<\/p>\n<p><strong>01-02 | Mart | 2012<\/strong><\/p>\n<p>CTD Format\u0131nda \u0130la\u00e7 Ruhsat Dosyas\u0131 Haz\u0131rlama<\/p>\n<p><strong>14 | \u015eubat | 2012<\/strong><\/p>\n<p>Crisis Management in the Pharmaceutical Industyr ( \u0130la\u00e7 Sekt\u00f6r\u00fcnde Kriz Y\u00f6netimi )<\/p>\n<p><strong>23 | Kas\u0131m | 2011<\/strong><\/p>\n<p>Auditing &#8211; How to Prepare For Audit, How to Run Audit ( Denetim Yapmak, Denetime Haz\u0131r Olmak )<\/p>\n","protected":false},"excerpt":{"rendered":"<p>&nbsp; A\u015fa\u011f\u0131da sekt\u00f6rel e\u011fitimlerimizden baz\u0131lar\u0131n\u0131 bulabilirsiniz. 24-25-26 | Nisan | 2026 T\u00fcrkiye Be\u015feri T\u0131bbi \u00dcr\u00fcn ( \u0130la\u00e7 ) Ruhsatland\u0131rma Uzman\u0131 Program\u0131 Kat\u0131l\u0131m Formu\u00a0\u00a0 \u00a0 \u00a0 \u00a0 \u00a0 \u00a0\/\u00a0 \u00a0\u00a0 \u00a0\u00a0 \u00a0\u00a0 \u00a0 E\u011fitim detay\u0131 i\u00e7in t\u0131klay\u0131n\u0131z. &nbsp; ======================================================================================= Tamamlanan e\u011fitimlerimiz. 26-27-28 | Aral\u0131k | 2025 T\u00fcrkiye Be\u015feri T\u0131bbi \u00dcr\u00fcn ( \u0130la\u00e7 ) Ruhsatland\u0131rma Uzman\u0131 Program\u0131 [&hellip;]<\/p>\n","protected":false},"author":1,"featured_media":0,"parent":0,"menu_order":0,"comment_status":"closed","ping_status":"closed","template":"","meta":{"footnotes":""},"class_list":["post-58","page","type-page","status-publish","hentry"],"_links":{"self":[{"href":"https:\/\/academyanatolia.com\/index.php?rest_route=\/wp\/v2\/pages\/58","targetHints":{"allow":["GET"]}}],"collection":[{"href":"https:\/\/academyanatolia.com\/index.php?rest_route=\/wp\/v2\/pages"}],"about":[{"href":"https:\/\/academyanatolia.com\/index.php?rest_route=\/wp\/v2\/types\/page"}],"author":[{"embeddable":true,"href":"https:\/\/academyanatolia.com\/index.php?rest_route=\/wp\/v2\/users\/1"}],"replies":[{"embeddable":true,"href":"https:\/\/academyanatolia.com\/index.php?rest_route=%2Fwp%2Fv2%2Fcomments&post=58"}],"version-history":[{"count":35,"href":"https:\/\/academyanatolia.com\/index.php?rest_route=\/wp\/v2\/pages\/58\/revisions"}],"predecessor-version":[{"id":222,"href":"https:\/\/academyanatolia.com\/index.php?rest_route=\/wp\/v2\/pages\/58\/revisions\/222"}],"wp:attachment":[{"href":"https:\/\/academyanatolia.com\/index.php?rest_route=%2Fwp%2Fv2%2Fmedia&parent=58"}],"curies":[{"name":"wp","href":"https:\/\/api.w.org\/{rel}","templated":true}]}}