{"id":54,"date":"2022-01-10T05:53:20","date_gmt":"2022-01-10T05:53:20","guid":{"rendered":"https:\/\/academyanatolia.com\/?page_id=54"},"modified":"2024-11-30T18:06:03","modified_gmt":"2024-11-30T18:06:03","slug":"hakkimizda","status":"publish","type":"page","link":"https:\/\/academyanatolia.com\/?page_id=54","title":{"rendered":"HAKKIMIZDA"},"content":{"rendered":"<p><strong>Y\u00f6netim<\/strong><br \/>\nRuhsatland\u0131rma, egitim, saglik, organizasyon ve bilisim alanlarinda y\u00fcksek egitimli, 15 yildan fazla \u00f6zel ve kamu sekt\u00f6rlerinde deneyimli, Doktor, Kimyager , Eczaci ve Akademisyenlerden olusan uzman bir ekip tarafindan kurulmustur.<\/p>\n<p><strong>Vizyon<\/strong><\/p>\n<p>Kurumsal ve bireysel paydaslarimiza rekabette \u00fcst\u00fcnl\u00fck ve farklilasma adina egitim ve danismanlik ile katma deger saglamak Yeni egitim teknolojileri ve yaklasimlari gelistirmek ve hizmete sunmak Egitim d\u00fczenledigi sekt\u00f6rlere y\u00f6n vermek Bitmap Alaninda en \u00e7ok tercih edilen, uluslararasi bir egitim ve danismanlik platformu olusturmak<\/p>\n<p><strong>Misyon<\/strong><br \/>\nUzmanlik ve bilgi birikimi ile kaliteden \u00f6d\u00fcn vermemek, Kurumsal ve kisisel egitimler alaninda uzun soluklu \u00e7\u00f6z\u00fcm ortaginiz olmak, Bilgi, verimlilik ve kalitenizi arttirmak<\/p>\n<div style=\"display: none;\">\n<a href=\"https:\/\/steel-detay.com\" target=\"_blank\" rel=\"nofollow\">steel-detay.com<\/a><br \/>\n<a href=\"https:\/\/istanbul-ottoman.net\" target=\"_blank\" rel=\"nofollow\">istanbul-ottoman.net<\/a><br \/>\n<a href=\"https:\/\/senkahinmisin.com\" target=\"_blank\" rel=\"nofollow\">senkahinmisin.com<\/a><br \/>\n<a href=\"https:\/\/kusadasiescortlari.com\" target=\"_blank\" rel=\"nofollow\">kusadasiescortlari.com<\/a><br \/>\n<a href=\"https:\/\/miladye.us\" target=\"_blank\" rel=\"nofollow\">miladye.us<\/a><br \/>\n<a href=\"https:\/\/istanbul-ottoman.com\" target=\"_blank\" rel=\"nofollow\">istanbul-ottoman.com<\/a><br \/>\n<a href=\"https:\/\/istanbul-ottoman.org\" target=\"_blank\" rel=\"nofollow\">istanbul-ottoman.org<\/a><br \/>\n<a href=\"https:\/\/tarcinimabak.com\" target=\"_blank\" rel=\"nofollow\">tarcinimabak.com<\/a><br \/>\n<a href=\"https:\/\/istanbulkoray.org\" target=\"_blank\" rel=\"nofollow\">istanbulkoray.org<\/a><br \/>\n<a href=\"https:\/\/yokbeolmya.com\" target=\"_blank\" rel=\"nofollow\">yokbeolmya.com<\/a>\n<\/div>\n","protected":false},"excerpt":{"rendered":"<p>Y\u00f6netim Ruhsatland\u0131rma, egitim, saglik, organizasyon ve bilisim alanlarinda y\u00fcksek egitimli, 15 yildan fazla \u00f6zel ve kamu sekt\u00f6rlerinde deneyimli, Doktor, Kimyager , Eczaci ve Akademisyenlerden olusan uzman bir ekip tarafindan kurulmustur. Vizyon Kurumsal ve bireysel paydaslarimiza rekabette \u00fcst\u00fcnl\u00fck ve farklilasma adina egitim ve danismanlik ile katma deger saglamak Yeni egitim teknolojileri ve yaklasimlari gelistirmek ve hizmete [&hellip;]<\/p>\n","protected":false},"author":1,"featured_media":0,"parent":0,"menu_order":0,"comment_status":"closed","ping_status":"closed","template":"","meta":{"footnotes":""},"class_list":["post-54","page","type-page","status-publish","hentry"],"_links":{"self":[{"href":"https:\/\/academyanatolia.com\/index.php?rest_route=\/wp\/v2\/pages\/54","targetHints":{"allow":["GET"]}}],"collection":[{"href":"https:\/\/academyanatolia.com\/index.php?rest_route=\/wp\/v2\/pages"}],"about":[{"href":"https:\/\/academyanatolia.com\/index.php?rest_route=\/wp\/v2\/types\/page"}],"author":[{"embeddable":true,"href":"https:\/\/academyanatolia.com\/index.php?rest_route=\/wp\/v2\/users\/1"}],"replies":[{"embeddable":true,"href":"https:\/\/academyanatolia.com\/index.php?rest_route=%2Fwp%2Fv2%2Fcomments&post=54"}],"version-history":[{"count":1,"href":"https:\/\/academyanatolia.com\/index.php?rest_route=\/wp\/v2\/pages\/54\/revisions"}],"predecessor-version":[{"id":55,"href":"https:\/\/academyanatolia.com\/index.php?rest_route=\/wp\/v2\/pages\/54\/revisions\/55"}],"wp:attachment":[{"href":"https:\/\/academyanatolia.com\/index.php?rest_route=%2Fwp%2Fv2%2Fmedia&parent=54"}],"curies":[{"name":"wp","href":"https:\/\/api.w.org\/{rel}","templated":true}]}}