{"id":15,"date":"2022-01-10T05:27:13","date_gmt":"2022-01-10T05:27:13","guid":{"rendered":"https:\/\/academyanatolia.com\/?page_id=15"},"modified":"2023-03-31T17:44:32","modified_gmt":"2023-03-31T17:44:32","slug":"ana-sayfa","status":"publish","type":"page","link":"https:\/\/academyanatolia.com\/","title":{"rendered":"Ana Sayfa"},"content":{"rendered":"\t\t<div data-elementor-type=\"wp-page\" data-elementor-id=\"15\" class=\"elementor elementor-15\" data-elementor-post-type=\"page\">\n\t\t\t\t\t\t<section class=\"elementor-section elementor-top-section elementor-element elementor-element-97b6c2b elementor-section-full_width elementor-section-height-default elementor-section-height-default\" data-id=\"97b6c2b\" data-element_type=\"section\">\n\t\t\t\t\t\t<div class=\"elementor-container elementor-column-gap-no\">\n\t\t\t\t\t<div class=\"elementor-column elementor-col-100 elementor-top-column elementor-element elementor-element-a4d1229\" data-id=\"a4d1229\" data-element_type=\"column\">\n\t\t\t<div class=\"elementor-widget-wrap elementor-element-populated\">\n\t\t\t\t\t\t<div class=\"elementor-element elementor-element-32b0160 elementor--h-position-center elementor--v-position-middle elementor-arrows-position-inside elementor-pagination-position-inside elementor-widget elementor-widget-slides\" data-id=\"32b0160\" data-element_type=\"widget\" data-settings=\"{&quot;navigation&quot;:&quot;both&quot;,&quot;autoplay&quot;:&quot;yes&quot;,&quot;pause_on_hover&quot;:&quot;yes&quot;,&quot;pause_on_interaction&quot;:&quot;yes&quot;,&quot;autoplay_speed&quot;:5000,&quot;infinite&quot;:&quot;yes&quot;,&quot;transition&quot;:&quot;slide&quot;,&quot;transition_speed&quot;:500}\" data-widget_type=\"slides.default\">\n\t\t\t\t<div class=\"elementor-widget-container\">\n\t\t\t\t\t\t\t\t\t<div class=\"elementor-swiper\">\n\t\t\t\t\t<div class=\"elementor-slides-wrapper elementor-main-swiper swiper\" role=\"region\" aria-roledescription=\"carousel\" aria-label=\"Slides\" dir=\"ltr\" data-animation=\"fadeInUp\">\n\t\t\t\t<div class=\"swiper-wrapper elementor-slides\">\n\t\t\t\t\t\t\t\t\t\t<div class=\"elementor-repeater-item-0344092 swiper-slide\" role=\"group\" aria-roledescription=\"slide\"><div class=\"swiper-slide-bg\" role=\"img\"><\/div><div class=\"swiper-slide-inner\" ><div class=\"swiper-slide-contents\"><\/div><\/div><\/div><div class=\"elementor-repeater-item-5f8904d swiper-slide\" role=\"group\" aria-roledescription=\"slide\"><div class=\"swiper-slide-bg\" role=\"img\"><\/div><div class=\"swiper-slide-inner\" ><div class=\"swiper-slide-contents\"><\/div><\/div><\/div><div class=\"elementor-repeater-item-a6d923c swiper-slide\" role=\"group\" aria-roledescription=\"slide\"><div class=\"swiper-slide-bg\" role=\"img\"><\/div><div class=\"swiper-slide-inner\" ><div class=\"swiper-slide-contents\"><\/div><\/div><\/div>\t\t\t\t<\/div>\n\t\t\t\t\t\t\t\t\t\t\t\t\t\t\t<div class=\"elementor-swiper-button elementor-swiper-button-prev\" role=\"button\" tabindex=\"0\" aria-label=\"Previous slide\">\n\t\t\t\t\t\t\t<i aria-hidden=\"true\" class=\"eicon-chevron-left\"><\/i>\t\t\t\t\t\t<\/div>\n\t\t\t\t\t\t<div class=\"elementor-swiper-button elementor-swiper-button-next\" role=\"button\" tabindex=\"0\" aria-label=\"Next slide\">\n\t\t\t\t\t\t\t<i aria-hidden=\"true\" class=\"eicon-chevron-right\"><\/i>\t\t\t\t\t\t<\/div>\n\t\t\t\t\t\t\t\t\t\t\t\t\t\t\t\t<div class=\"swiper-pagination\"><\/div>\n\t\t\t\t\t\t\t\t\t\t\t\t<\/div>\n\t\t\t\t<\/div>\n\t\t\t\t\t\t\t\t<\/div>\n\t\t\t\t<\/div>\n\t\t\t\t\t<\/div>\n\t\t<\/div>\n\t\t\t\t\t<\/div>\n\t\t<\/section>\n\t\t\t\t<section class=\"elementor-section elementor-top-section elementor-element elementor-element-9b766c4 elementor-section-boxed elementor-section-height-default elementor-section-height-default\" data-id=\"9b766c4\" data-element_type=\"section\">\n\t\t\t\t\t\t<div class=\"elementor-container elementor-column-gap-default\">\n\t\t\t\t\t<div class=\"elementor-column elementor-col-100 elementor-top-column elementor-element elementor-element-697688e\" data-id=\"697688e\" data-element_type=\"column\">\n\t\t\t<div class=\"elementor-widget-wrap elementor-element-populated\">\n\t\t\t\t\t\t<div class=\"elementor-element elementor-element-001900f elementor-widget elementor-widget-text-editor\" data-id=\"001900f\" data-element_type=\"widget\" data-widget_type=\"text-editor.default\">\n\t\t\t\t<div class=\"elementor-widget-container\">\n\t\t\t\t\t\t\t\t\t<p><strong style=\"color: var( --e-global-color-secondary );\">FAAL\u0130YETLER\u0130M\u0130Z<\/strong><br><\/p>\n<p>Sempozyum, seminer, \u00e7al\u0131\u015ftay, Y\u00fczy\u00fcze e\u011fitim, Kurum i\u00e7i e\u011fitim, konular\u0131nda uzmanla\u015fm\u0131\u015ft\u0131r. Ba\u015fta sa\u011fl\u0131k ve ila\u00e7 sekt\u00f6r\u00fc olmak \u00fczere farkl\u0131 sekt\u00f6rlerin ihtiya\u00e7lar\u0131na cevap verecek seminer ve e\u011fitimler d\u00fczenlemektedir. Bu seminer ve e\u011fitimler konular\u0131nda uzman yerli ve yabanc\u0131 dan\u0131\u015fman ve e\u011fitimciler taraf\u0131ndan verilmektedir.<\/p>\n<p><strong>E\u011e\u0130T\u0130MLER\u0130M\u0130Z<\/strong><\/p>\n<p>Ba\u015fta sa\u011fl\u0131k-ila\u00e7 sekt\u00f6r\u00fc olmak \u00fczere farkl\u0131 sekt\u00f6rlerin ihtiya\u00e7lar\u0131na cevap verecek, konular\u0131nda uzman yerli ve yabanc\u0131 dan\u0131\u015fman ve e\u011fitimciler taraf\u0131ndan verilen seminer-e\u011fitimler ve firma-kurum i\u00e7i e\u011fitimler d\u00fczenlemektedir..<\/p>\n<p><strong>RUHSATLANDIRMA \/ DANI\u015eMANLIK<\/strong><\/p>\n<p>Dinamik, sekt\u00f6rde aktif ve deneyimli uzman kadromuz ile yurt i\u00e7i ve yurt d\u0131\u015f\u0131 ila\u00e7 medikal cihaz ve veteriner ila\u00e7 firmalar\u0131na E\u015fde\u011fer, Orjinal ve Ara \u00dcr\u00fcn stat\u00fcs\u00fcndeki Be\u015feri T\u0131bbi \u00dcr\u00fcnler i\u00e7in ruhsatland\u0131rma, varyasyon, GMP denetimi, co-marketing, ruhsat devri ve yenileme ba\u015fvurular\u0131, Kozmetik ve firma bildirimlerine kadar her t\u00fcrl\u00fc ruhsatland\u0131rma alan\u0131nda dan\u0131\u015fmanl\u0131k hizmeti sunmaktay\u0131z.<\/p>\n<p>GMP &#8211; Good Manufacturing Practice , GLP &#8211; Good Laboratory Practice , GDP &#8211; Good Distribution Practice , ISO 9001:2015 , ISO 14001:2015 , OHSAS 18001 , ISO 22000 konular\u0131nda E\u011fitim, Kurumi\u00e7i E\u011fitim ve dan\u0131\u015fmanl\u0131k hizmeleri sunmaktay\u0131z.<\/p>\t\t\t\t\t\t\t\t<\/div>\n\t\t\t\t<\/div>\n\t\t\t\t\t<\/div>\n\t\t<\/div>\n\t\t\t\t\t<\/div>\n\t\t<\/section>\n\t\t\t\t<\/div>\n\t\t","protected":false},"excerpt":{"rendered":"<p>Previous Next FAAL\u0130YETLER\u0130M\u0130Z Sempozyum, seminer, \u00e7al\u0131\u015ftay, Y\u00fczy\u00fcze e\u011fitim, Kurum i\u00e7i e\u011fitim, konular\u0131nda uzmanla\u015fm\u0131\u015ft\u0131r. Ba\u015fta sa\u011fl\u0131k ve ila\u00e7 sekt\u00f6r\u00fc olmak \u00fczere farkl\u0131 sekt\u00f6rlerin ihtiya\u00e7lar\u0131na cevap verecek seminer ve e\u011fitimler d\u00fczenlemektedir. Bu seminer ve e\u011fitimler konular\u0131nda uzman yerli ve yabanc\u0131 dan\u0131\u015fman ve e\u011fitimciler taraf\u0131ndan verilmektedir. E\u011e\u0130T\u0130MLER\u0130M\u0130Z Ba\u015fta sa\u011fl\u0131k-ila\u00e7 sekt\u00f6r\u00fc olmak \u00fczere farkl\u0131 sekt\u00f6rlerin ihtiya\u00e7lar\u0131na cevap verecek, konular\u0131nda [&hellip;]<\/p>\n","protected":false},"author":1,"featured_media":0,"parent":0,"menu_order":0,"comment_status":"closed","ping_status":"closed","template":"","meta":{"footnotes":""},"class_list":["post-15","page","type-page","status-publish","hentry"],"_links":{"self":[{"href":"https:\/\/academyanatolia.com\/index.php?rest_route=\/wp\/v2\/pages\/15","targetHints":{"allow":["GET"]}}],"collection":[{"href":"https:\/\/academyanatolia.com\/index.php?rest_route=\/wp\/v2\/pages"}],"about":[{"href":"https:\/\/academyanatolia.com\/index.php?rest_route=\/wp\/v2\/types\/page"}],"author":[{"embeddable":true,"href":"https:\/\/academyanatolia.com\/index.php?rest_route=\/wp\/v2\/users\/1"}],"replies":[{"embeddable":true,"href":"https:\/\/academyanatolia.com\/index.php?rest_route=%2Fwp%2Fv2%2Fcomments&post=15"}],"version-history":[{"count":13,"href":"https:\/\/academyanatolia.com\/index.php?rest_route=\/wp\/v2\/pages\/15\/revisions"}],"predecessor-version":[{"id":165,"href":"https:\/\/academyanatolia.com\/index.php?rest_route=\/wp\/v2\/pages\/15\/revisions\/165"}],"wp:attachment":[{"href":"https:\/\/academyanatolia.com\/index.php?rest_route=%2Fwp%2Fv2%2Fmedia&parent=15"}],"curies":[{"name":"wp","href":"https:\/\/api.w.org\/{rel}","templated":true}]}}