{"id":106,"date":"2022-01-10T05:57:34","date_gmt":"2022-01-10T05:57:34","guid":{"rendered":"https:\/\/academyanatolia.com\/?page_id=106"},"modified":"2022-01-10T05:57:36","modified_gmt":"2022-01-10T05:57:36","slug":"gmp-gdp","status":"publish","type":"page","link":"https:\/\/academyanatolia.com\/?page_id=106","title":{"rendered":"GMP GDP"},"content":{"rendered":"<p>\u0130LA\u00c7 VE KOZMET\u0130K SEKT\u00d6R\u00dcNDE DANI\u015eMANLIK H\u0130ZMETLER\u0130M\u0130Z<\/p>\n<p>&nbsp;<\/p>\n<p>* Sistem kurulumu veya cGMP\u2019ye uygun iyile\u015ftirme projeleri<\/p>\n<p>&#8211; Anahtar teslimi yeni fabrika projesi haz\u0131rlama ve uygulama,<\/p>\n<p>&#8211; S\u0131f\u0131rdan D\u00f6k\u00fcmantasyon haz\u0131rlama veya mevcut d\u00f6k\u00fcmantasyonun iyile\u015ftirilmesi,<\/p>\n<p>&#8211; \u00dcretim, laboratuvar ve altyap\u0131 sistemleri makina, sistem ve ekipmanlar\u0131n\u0131n se\u00e7ilmesi ve kurulumu,<\/p>\n<p>&#8211; Kalifikasyon ve Validasyon,<\/p>\n<p>&#8211; Personel e\u011fitimleri,<\/p>\n<p>* E\u011fitimler<\/p>\n<p>&#8211; GMP,<\/p>\n<p>&#8211; Kalite,<\/p>\n<p>&#8211; \u00dcretim,<\/p>\n<p>&#8211; Depo,<\/p>\n<p>&#8211; M\u00fchendislik ve alt yap\u0131,<\/p>\n<p>&#8211; Tedarik zinciri,<\/p>\n<p>&#8211; Sa\u011fl\u0131k, g\u00fcvenlik ve \u00e7evre<\/p>\n<p>* Denetimlere haz\u0131rl\u0131k<\/p>\n<p>&nbsp;<\/p>\n<p>&nbsp;<\/p>\n<p>&nbsp;<\/p>\n","protected":false},"excerpt":{"rendered":"<p>\u0130LA\u00c7 VE KOZMET\u0130K SEKT\u00d6R\u00dcNDE DANI\u015eMANLIK H\u0130ZMETLER\u0130M\u0130Z &nbsp; * Sistem kurulumu veya cGMP\u2019ye uygun iyile\u015ftirme projeleri &#8211; Anahtar teslimi yeni fabrika projesi haz\u0131rlama ve uygulama, &#8211; S\u0131f\u0131rdan D\u00f6k\u00fcmantasyon haz\u0131rlama veya mevcut d\u00f6k\u00fcmantasyonun iyile\u015ftirilmesi, &#8211; \u00dcretim, laboratuvar ve altyap\u0131 sistemleri makina, sistem ve ekipmanlar\u0131n\u0131n se\u00e7ilmesi ve kurulumu, &#8211; Kalifikasyon ve Validasyon, &#8211; Personel e\u011fitimleri, * E\u011fitimler &#8211; [&hellip;]<\/p>\n","protected":false},"author":1,"featured_media":0,"parent":0,"menu_order":0,"comment_status":"closed","ping_status":"closed","template":"","meta":{"footnotes":""},"class_list":["post-106","page","type-page","status-publish","hentry"],"_links":{"self":[{"href":"https:\/\/academyanatolia.com\/index.php?rest_route=\/wp\/v2\/pages\/106","targetHints":{"allow":["GET"]}}],"collection":[{"href":"https:\/\/academyanatolia.com\/index.php?rest_route=\/wp\/v2\/pages"}],"about":[{"href":"https:\/\/academyanatolia.com\/index.php?rest_route=\/wp\/v2\/types\/page"}],"author":[{"embeddable":true,"href":"https:\/\/academyanatolia.com\/index.php?rest_route=\/wp\/v2\/users\/1"}],"replies":[{"embeddable":true,"href":"https:\/\/academyanatolia.com\/index.php?rest_route=%2Fwp%2Fv2%2Fcomments&post=106"}],"version-history":[{"count":1,"href":"https:\/\/academyanatolia.com\/index.php?rest_route=\/wp\/v2\/pages\/106\/revisions"}],"predecessor-version":[{"id":107,"href":"https:\/\/academyanatolia.com\/index.php?rest_route=\/wp\/v2\/pages\/106\/revisions\/107"}],"wp:attachment":[{"href":"https:\/\/academyanatolia.com\/index.php?rest_route=%2Fwp%2Fv2%2Fmedia&parent=106"}],"curies":[{"name":"wp","href":"https:\/\/api.w.org\/{rel}","templated":true}]}}