{"id":104,"date":"2022-01-10T05:57:02","date_gmt":"2022-01-10T05:57:02","guid":{"rendered":"https:\/\/academyanatolia.com\/?page_id=104"},"modified":"2022-01-10T05:57:02","modified_gmt":"2022-01-10T05:57:02","slug":"ruhsatlandirma","status":"publish","type":"page","link":"https:\/\/academyanatolia.com\/?page_id=104","title":{"rendered":"RUHSATLANDIRMA"},"content":{"rendered":"<p>Ruhsatland\u0131rma bizim i\u015fimiz, size yard\u0131mc\u0131 olal\u0131m.<\/p>\n<p>Academy Anatolia, ruhsatland\u0131rma alan\u0131nda uzman kadrosu ile farmas\u00f6tik, t\u0131bbi cihaz, veteriner ila\u00e7, kozmetik ve sa\u011fl\u0131k \u00fcr\u00fcnleri \u00fczerine e\u011fitim ve dan\u0131\u015fmanl\u0131k hizmeti sunmaktad\u0131r. M\u00fc\u015fterilerimizin ihtiya\u00e7lar\u0131 do\u011frultusunda esnek olarak sundu\u011fumuz profesyonel servislerimiz:<\/p>\n<p>Be\u015feri T\u0131bbi \u00dcr\u00fcnlerin Ruhsatland\u0131r\u0131lmas\u0131.<\/p>\n<p>Be\u015feri T\u0131bbi \u00dcr\u00fcn CTD Ba\u015fvuru dosyalar\u0131n\u0131n haz\u0131rlanmas\u0131 ve e-CTD ba\u015fvurular\u0131n\u0131n ger\u00e7ekle\u015ftirilmesi<br \/>\nRuhsat al\u0131m\u0131na kadar ba\u015fvurular\u0131n\u0131z\u0131n Ankara takibi, gerekli t\u00fcm yaz\u0131\u015fmalar\u0131n y\u00fcr\u00fct\u00fclmesi<br \/>\nAra \u00dcr\u00fcnlerin re\u00e7etesiz ila\u00e7 kapsam\u0131nda ruhsat ba\u015fvurular\u0131 ve takibi<br \/>\n\u0130thal \u00fcr\u00fcnlerin GMP denetimi i\u00e7in ba\u015fvuru dosyas\u0131n\u0131n haz\u0131rlanmas\u0131 ve denetim tarihi belirlenene kadar takibi<br \/>\n\u00dcr\u00fcnleriniz i\u00e7in analiz dosyas\u0131n\u0131n haz\u0131rlanmas\u0131 ve RSHM takibi<br \/>\nRuhsat ba\u015fvuru dosyalar\u0131n\u0131z i\u00e7in uzman inceleme raporunun haz\u0131rlanmas\u0131<br \/>\nKozmetik \u00fcr\u00fcnleriniz i\u00e7in Bakanl\u0131k bildirimlerinin ger\u00e7ekle\u015ftirilmesi<br \/>\nFirman\u0131z\u0131n ve t\u0131bbi cihaz kapsam\u0131ndaki \u00fcr\u00fcnlerinizin UBB kayd\u0131<br \/>\nDosyalar\u0131n\u0131z\u0131n Ankara Sa\u011fl\u0131k Bakanl\u0131\u011f\u0131\u2019nda takibi<br \/>\nTip I (A-B) ve II (Kalite, Klinik) varyasyon ba\u015fvuru dosyalar\u0131n\u0131n haz\u0131rlanmas\u0131<br \/>\nK\u00dcB-KT haz\u0131rlanmas\u0131<br \/>\nRuhsat yenileme \/ devir ba\u015fvurular\u0131<br \/>\nOrtak Pazarlama (Co-Marketing) ba\u015fvuru dosyalar\u0131n\u0131n haz\u0131rlanmas\u0131<\/p>\n<p>Veteriner T\u0131bbi \u00dcr\u00fcn Ruhsatland\u0131r\u0131lmas\u0131<\/p>\n<p>Veteriner T\u0131bbi \u00dcr\u00fcn Ruhsat Dosyalar\u0131n\u0131n e-Ba\u015fvuru Format\u0131na G\u00f6re Haz\u0131rlanmas\u0131,<br \/>\nMevcut Veteriner T\u0131bbi \u00dcr\u00fcn Ruhsat Dosyalar\u0131n\u0131n G\u00fcncel Y\u00f6netmeli\u011fe g\u00f6re Haz\u0131rlanmas\u0131,<br \/>\nVeteriner T\u0131bbi \u00dcr\u00fcn Dosyalar\u0131 i\u00e7in Uzman Raporlar\u0131n\u0131n Haz\u0131rlanmas\u0131,<br \/>\nVeteriner T\u0131bbi \u00dcr\u00fcn Varyasyon Dosyalar\u0131n\u0131n Haz\u0131rlanmas\u0131,<br \/>\n\u00dcretim Yerlerinin GMP denetimi i\u00e7in Ba\u015fvuru Dosyalar\u0131n\u0131n Haz\u0131rlanmas\u0131,<br \/>\nVeteriner T\u0131bbi \u00dcr\u00fcn Ruhsat Devir \u0130\u015flemleri,<br \/>\nBakanl\u0131k Yaz\u0131\u015fmalar\u0131,<br \/>\nPazarlama \u0130zni Yenileme Ba\u015fvurusu,<br \/>\nSat\u0131\u015f \u0130zni Ba\u015fvurusu,<br \/>\nVeteriner T\u0131bbi \u00dcr\u00fcnlerin Muvafakatli Ba\u015fvurular\u0131n\u0131n Haz\u0131rlanmas\u0131 ve takibi yap\u0131lmaktad\u0131r.<br \/>\nAyr\u0131ca;<br \/>\nYeni \u00dcr\u00fcnler ara\u015ft\u0131rmalar\u0131,<br \/>\nVeteriner Kozmetik \u00dcr\u00fcnlerin Ruhsatland\u0131r\u0131lmas\u0131,<br \/>\nVeteriner T\u0131bbi \u00dcr\u00fcnler i\u00e7in \u0130hra\u00e7 Ama\u00e7l\u0131 \u0130zin Al\u0131nmas\u0131,<br \/>\nVeteriner T\u0131bbi \u00dcr\u00fcnlerin \u0130thalat\u0131 i\u00e7in Uygunluk Belgelerinin Haz\u0131rlanmas\u0131,<br \/>\nVeteriner T\u0131bbi \u00dcr\u00fcnlerin Tan\u0131t\u0131m Faaliyetlerinin ve malzemelerinin Bakanl\u0131k Y\u00f6netmeliklerine G\u00f6re Uygun Olarak Haz\u0131rlanmas\u0131,<\/p>\n<p>Veteriner T\u0131bbi \u00dcr\u00fcnlerin Kutu, Etiket ve Prospekt\u00fcs gibi ambalaj malzemelerinin Bakanl\u0131k Y\u00f6netmeliklerine G\u00f6re Uygunlu\u011funun denetlenmesi gibi konularda Dan\u0131\u015fmal\u0131k Hizmeti Vermekteyiz.<\/p>\n<p>Biyosidal \u00dcr\u00fcnlerin Ruhsatland\u0131r\u0131lmas\u0131.<\/p>\n<p>Biyosidal \u00fcr\u00fcn<br \/>\nZararl\u0131 organizmalar \u00fczerinde ya da onlara kar\u015f\u0131 genel veya \u00f6zel etki g\u00f6steren vir\u00fcsler ve funguslar da d\u00e2hil olmak \u00fczere bir madde veya mikroorganizmay\u0131 i\u00e7eren bir veya birden fazla aktif madde kullanarak sat\u0131\u015fa haz\u0131r hale getirilmi\u015f, kimyasal veya biyolojik a\u00e7\u0131dan herhangi bir zararl\u0131 organizma \u00fczerinde kontrol edici etki g\u00f6steren veya hareketini k\u0131s\u0131tlayan, uzakla\u015ft\u0131ran, zarars\u0131z k\u0131lan, yok eden aktif maddeleri ve m\u00fcstahzarlar\u0131 i\u00e7eren \u00fcr\u00fcnlere biyosidal \u00fcr\u00fcn denir.<\/p>\n<p>Biyosidal \u00dcr\u00fcn Ruhsat Ba\u015fvurusu<br \/>\nBiyosidal \u00fcr\u00fcn ruhsat\u0131 ba\u015fvurular\u0131m\u0131z\u0131 T.C. Sa\u011fl\u0131k Bakanl\u0131\u011f\u0131 T\u00fcrkiye Halk Sa\u011fl\u0131\u011f\u0131 Kurulu\u015funa yapmaktay\u0131z. \u0130ki basamakl\u0131 yap\u0131lan m\u00fcracaatlar uygun g\u00f6r\u00fcld\u00fc\u011f\u00fc durumda kurum taraf\u0131ndan Biyosidal \u00fcr\u00fcn ruhsat\u0131 verilir ve kurum sayfas\u0131nda izin verilen \u00fcr\u00fcnler envanter listesinde yay\u0131mlan\u0131r.<\/p>\n<p>Biyosidal \u00dcr\u00fcn Ruhsat Prosed\u00fcr\u00fc<\/p>\n<p>\u00d6n Ba\u015fvurunun Ger\u00e7ekle\u015fmesi<br \/>\n\u21d3 \u21d3<br \/>\nMSDS yetkili uzmanlar taraf\u0131ndan \u00fcr\u00fcn msds&#8217;inin (\u00fcr\u00fcn g\u00fcvenlik bilgi formu) haz\u0131rlanmas\u0131<\/p>\n<p>Etiket ve di\u011fer \u00f6n m\u00fcracaat evraklar\u0131n\u0131n olu\u015fturulmas\u0131<br \/>\n\u21d3 \u21d3<br \/>\nNumune Yaz\u0131s\u0131n\u0131n Al\u0131nmas\u0131 Ve \u0130nceleme \u0130\u00e7in Do\u011fru Y\u00f6nlendirme<\/p>\n<p>Numunenin analizinin ger\u00e7ekle\u015fece\u011fi yetkili laboratuvarlar\u0131n Bakanl\u0131\u011fa bildirilmesi<\/p>\n<p>\u0130ncelemelerin ilgili laboratuvarda takibinin yap\u0131lmas\u0131<br \/>\n\u21d3 \u21d3<br \/>\nRuhsat M\u00fcracaat\u0131n\u0131n Olu\u015fturulmas\u0131<\/p>\n<p>Ek 2B\u2019nin de hem inceleme neticeleri hem ulusal ve \u00fclkeler aras\u0131 literat\u00fcr bilgilerine g\u00f6re olu\u015fturulmas\u0131<\/p>\n<p>\u0130htiya\u00e7 duyulan di\u011fer evraklar olu\u015fturularak dosyan\u0131n T\u00fcrkiye Halk Sa\u011fl\u0131\u011f\u0131 Kurumuna teslim edilmesi<\/p>\n<p>Dosyan\u0131n Bakanl\u0131klarda Takibi<br \/>\n\u21d3 \u21d3<br \/>\nNoksanl\u0131klar\u0131n Olmas\u0131 Durumunda An\u0131nda Tedarik Edilmesi Ve A\u015faman\u0131n Aksamamas\u0131<\/p>\n<p>Biyosidal \u00dcr\u00fcn \u00dcretim \/ \u0130thalat Ruhsat\u0131na Sahip Olunmas\u0131<\/p>\n<p>B\u0130YOS\u0130DAL \u00dcR\u00dcN T\u0130PLER\u0130 VE BUNLARIN TANIMLARI<br \/>\n1. ANA GRUP: Dezenfektanlar ve genel biyosidal \u00fcr\u00fcnler<br \/>\nBu \u00fcr\u00fcnlere y\u0131kama losyonlar\u0131, pudralar ve benzer \u00fcr\u00fcnler gibi biyosidal etkisi olmayan temizleme \u00fcr\u00fcnleri girmez.<br \/>\n1. \u00dcr\u00fcn Tipi: \u0130nsan hijyeni ile ilgili biyosidal \u00fcr\u00fcnler<br \/>\nBu gruptaki biyosidal \u00fcr\u00fcnler insan hijyeni i\u00e7in kullan\u0131lan \u00fcr\u00fcnlerdir.<br \/>\n2. \u00dcr\u00fcn Tipi: Ki\u015fisel alanlarda ve umumi alanlarda kullan\u0131lan dezenfektanlar ve biyosidal \u00fcr\u00fcnler<br \/>\nHava, y\u00fczey, e\u015fya, ekipman ve mobilyalar\u0131n dezenfeksiyonunda kullan\u0131lan (hastane y\u00fczey dezenfektanlar\u0131 ve yosun \u00f6ld\u00fcr\u00fcc\u00fc \u00fcr\u00fcnler dahil olmak \u00fczere ki\u015fisel, umumi ve s\u0131nai alanlarda) g\u0131da ve yemlerde do\u011frudan kullan\u0131lmayan \u00fcr\u00fcnlerdir. Kullan\u0131m alanlar\u0131na y\u00fczme havuzlar\u0131, akvaryumlar, banyo sular\u0131 ve di\u011fer sular; klima sitemleri, sa\u011fl\u0131k kurulu\u015flar\u0131 ve di\u011fer kurumlardaki duvar ve yerler, kimyasal tuvalet malzemeleri, at\u0131k sular, hastane at\u0131klar\u0131, toprak ve di\u011fer substratlar (oyun sahalar\u0131nda) dahildir.<br \/>\n3. \u00dcr\u00fcn Tipi: Veteriner hijyenine y\u00f6nelik biyosidal \u00fcr\u00fcnler<br \/>\nBu gruptaki biyosidal \u00fcr\u00fcnler veteriner hijyeni ve hayvanlar\u0131n tutuldu\u011fu, ta\u015f\u0131nd\u0131\u011f\u0131 ya da ya\u015fad\u0131\u011f\u0131 yerlerde kullan\u0131lan \u00fcr\u00fcnlerdir.<br \/>\n4. \u00dcr\u00fcn Tipi: G\u0131da ve yem alanlar\u0131nda kullan\u0131lan dezenfektanlar<br \/>\nEkipmanlar\u0131n, saklama kaplar\u0131n\u0131n, t\u00fcketim aletlerinin, y\u00fczeylerin ve \u00fcretimle ba\u011flant\u0131l\u0131 olan boru hatlar\u0131n\u0131n, insan ve hayvanlar i\u00e7in g\u0131dan\u0131n, yemlerin ya da i\u00e7eceklerin ta\u015f\u0131nmas\u0131, depolanmas\u0131 ya da t\u00fcketiminde kullan\u0131lan aletlerin dezenfeksiyonunda kullan\u0131lan \u00fcr\u00fcnler.<br \/>\n5. \u00dcr\u00fcn tipi: \u0130\u00e7me suyu dezenfektanlar\u0131<br \/>\n\u0130\u00e7me sular\u0131n\u0131n dezenfeksiyonunda kullan\u0131lan \u00fcr\u00fcnlerdir. (insan ve hayvanlar i\u00e7in)<br \/>\n2. ANA GRUP: Koruyucular<br \/>\n6. \u00dcr\u00fcn Tipi: Konserve koruyucular\u0131<br \/>\nG\u0131da ya da yem malzemelerinden farkl\u0131 olarak \u00fcretilmi\u015f \u00fcr\u00fcnlerin konserve olarak korunmas\u0131nda mikrobik bozulman\u0131n kontrol\u00fcn\u00fc sa\u011flayarak raf \u00f6mr\u00fcn\u00fc garanti etmek i\u00e7in kullan\u0131lan \u00fcr\u00fcnlerdir.<br \/>\n7. \u00dcr\u00fcn Tipi: Film koruyucular<br \/>\nBoya, plastik, yal\u0131t\u0131m malzemeleri, duvar zamk\u0131, ba\u011flay\u0131c\u0131, k\u00e2\u011f\u0131t, sanat eseri gibi malzemelerin ve e\u015fyalar\u0131n filmlerin ya da kaplamalar\u0131n korunmas\u0131 amac\u0131yla mikrobik bozulman\u0131n kontrol\u00fcn\u00fc sa\u011flayarak y\u00fczey \u00f6zelliklerinin korunmas\u0131 i\u00e7in kullan\u0131lan \u00fcr\u00fcnlerdir.<br \/>\n8. \u00dcr\u00fcn Tipi: Ah\u015fap koruyucular\u0131<br \/>\n\u0130nsanlar taraf\u0131ndan kullan\u0131lan her t\u00fcrl\u00fc ah\u015fap malzemeye zarar veren organizmalar\u0131n kontrol\u00fcnde ve ah\u015faplar\u0131n genel korunmas\u0131nda kullan\u0131lan \u00fcr\u00fcnlerdir. Bu \u00fcr\u00fcn tipine \u00f6nleyici ve iyile\u015ftirici etkisi olan \u00fcr\u00fcnler d\u00e2hildir.<br \/>\n9. \u00dcr\u00fcn Tipi: Elyaf, deri, lastik ve polimer maddeler<br \/>\nDeri, lastik, k\u00e2\u011f\u0131t, tekstil \u00fcr\u00fcnleri gibi lifli ya da polimer maddelerde mikrobik bozulman\u0131n kontrol\u00fcn\u00fc sa\u011flayabilmek i\u00e7in kullan\u0131lan \u00fcr\u00fcnlerdir.<br \/>\n10. \u00dcr\u00fcn Tipi: Duvarc\u0131l\u0131k koruyucular\u0131<br \/>\nDuvarc\u0131l\u0131k ya da ah\u015fap olmayan di\u011fer yap\u0131 malzemelerinin korunmas\u0131nda ve iyile\u015ftirilmesinde mikrobik bozulman\u0131n kontrol\u00fcn\u00fc sa\u011flayabilmek i\u00e7in kullan\u0131lan \u00fcr\u00fcnlerdir. Boyalar bu gruptad\u0131r.<br \/>\n11. \u00dcr\u00fcn Tipi: S\u0131v\u0131 so\u011futucu ve ar\u0131tma sistemleri koruyucular\u0131<br \/>\nSu ve di\u011fer s\u0131v\u0131lar\u0131n so\u011futulmas\u0131nda ve ar\u0131tma sistemlerinde mikrop, yosun ve midye gibi zararl\u0131 organizmalar\u0131n kontrol\u00fcnde kullan\u0131lan \u00fcr\u00fcnlerdir. \u0130\u00e7me sular\u0131n korumas\u0131nda kullan\u0131lan \u00fcr\u00fcnler bu \u00fcr\u00fcn tipine d\u00e2hil de\u011fildir.<br \/>\n12. \u00dcr\u00fcn Tipi: Slimicidler\/ Salyangoz \u00d6nleyicileri<br \/>\nSanayi i\u015flemlerinde kullan\u0131lan malzemelerin, ekipmanlar\u0131n ve yap\u0131lar\u0131n \u00fczerinde salyangoz s\u00fcm\u00fc\u011f\u00fcn\u00fc \u00f6nlemek ve kontrol etmek i\u00e7in kullan\u0131lan \u00fcr\u00fcnlerdir.<br \/>\n13. \u00dcr\u00fcn Tipi: S\u0131v\u0131 metal i\u015fleme koruyucular\u0131<br \/>\nMetal i\u015fleme s\u0131v\u0131lar\u0131n\u0131n korunmas\u0131nda mikrobik bozulman\u0131n kontrol\u00fcn\u00fc sa\u011flayabilmek i\u00e7in kullan\u0131lan \u00fcr\u00fcnlerdir.<br \/>\n3. ANA GRUP: Ha\u015fere Kontrol\u00fc i\u00e7in kullan\u0131lan biyosidal \u00fcr\u00fcnler<br \/>\n14. \u00dcr\u00fcn Tipi: Rodentisitler &#8211; Fare, s\u0131\u00e7an ya da di\u011fer rodentlerin kontrol\u00fcnde kullan\u0131lan \u00fcr\u00fcnler.<br \/>\n15. \u00dcr\u00fcn Tipi: Avisisitler &#8211; Ku\u015flar\u0131n kontrol\u00fcnde kullan\u0131lan \u00fcr\u00fcnler.<br \/>\n16. \u00dcr\u00fcn Tipi: Mollusisitler &#8211; Mollusca grubu canl\u0131lar\u0131n kontrol\u00fcnde kullan\u0131lan \u00fcr\u00fcnler.<br \/>\n17. \u00dcr\u00fcn Tipi: Pisisitler -Bal\u0131klar\u0131n kontrol\u00fcnde kullan\u0131lan \u00fcr\u00fcnler, bu \u00fcr\u00fcnlere bal\u0131k hastal\u0131klar\u0131nda kullan\u0131lan tedavi \u00fcr\u00fcnleri d\u00e2hil de\u011fildir.<br \/>\n18. \u00dcr\u00fcn Tipi: Insektisitler, akarisitler ve di\u011fer artropodlar\u0131n kontrol\u00fcnde kullan\u0131lan \u00fcr\u00fcnler.<br \/>\n19. \u00dcr\u00fcn Tipi: Kovucular ve \u00c7ekiciler<br \/>\nZararl\u0131 organizmalar\u0131n kontrol\u00fcnde kullan\u0131lan \u00fcr\u00fcnler (pire gibi omurgas\u0131z, ya da ku\u015f gibi omurgal\u0131), kovma ya da \u00e7ekme \u00f6zelli\u011finden dolay\u0131, insan ya da hayvan hijyeninde dolayl\u0131 ya da dolays\u0131z olarak kullan\u0131lan \u00fcr\u00fcnlerdir.<br \/>\n4. ANA GRUP: Di\u011fer biyosidal \u00fcr\u00fcnler<br \/>\n20. \u00dcr\u00fcn Tipi: G\u0131da ya da yem stoklar\u0131 koruyucular\u0131<br \/>\nZararl\u0131 organizmalar\u0131n kontrol\u00fc ile g\u0131da ya da yem stoklar\u0131n korunmas\u0131nda kullan\u0131lan \u00fcr\u00fcnlerdir.<br \/>\n21. \u00dcr\u00fcn Tipi: Bozunmay\u0131 \u00f6nleyici \u00fcr\u00fcnler<br \/>\nTekne, su k\u00fclt\u00fcr\u00fc ekipmanlar\u0131 ve suda kullan\u0131lan di\u011fer yap\u0131lar \u00fczerinde yap\u0131 bozucu organizmalar\u0131n (mikrop ve daha y\u00fcksek bitki ve hayvan t\u00fcrleri) b\u00fcy\u00fcmesini ve yerle\u015fmesini kontrol etmek i\u00e7in kullan\u0131lan \u00fcr\u00fcnlerdir.<br \/>\n22. \u00dcr\u00fcn Tipi: Mumyalama ve hayvan postu doldurma s\u0131v\u0131lar\u0131<br \/>\n\u0130nsan ya da hayvan cesetlerinin korunmas\u0131nda ve dezenfeksiyonunda kullan\u0131lan \u00fcr\u00fcnler.<br \/>\n23. \u00dcr\u00fcn Tipi: Di\u011fer omurgal\u0131lar\u0131n kontrol\u00fc.<\/p>\n<p>Kurulu\u015fumuza m\u00fcracaat ederek Biyosidal \u00dcr\u00fcn Ruhsatland\u0131rma konusunda hizmet alabilirsiniz.<br \/>\nBiyosidal \u00dcr\u00fcn Ruhsatland\u0131r\u0131lmas\u0131n\u0131n i\u00e7in dan\u0131\u015fmanl\u0131k verdi\u011fimiz hizmetler;Biyosidal \u00dcr\u00fcn Ruhsat Dosyasn\u0131n Haz\u0131rlanmas\u0131<br \/>\nGenel Dan\u0131\u015fmal\u0131k<br \/>\nSertifikal\u0131 Uzmanlar taraf\u0131ndan \u00dcr\u00fcn G\u00fcvenlik Bilgi Formlar\u0131n\u0131n (MSDS) haz\u0131rlanmas\u0131<br \/>\nY\u00f6netmeli\u011fe uygun etiket haz\u0131rlanmas\u0131 ve \u00f6n ba\u015fvuru yap\u0131lmas\u0131<br \/>\nYetkilendirilmi\u015f Laboratuvarlardaki Analiz \u0130\u015flemlerinin Takibi<br \/>\nTeknik Dosyan\u0131n haz\u0131rlan\u0131p Sa\u011fl\u0131k Bakanl\u0131\u011f\u0131\u2019na sunulmas\u0131<br \/>\nEtkili takip ve sonu\u00e7land\u0131rma<\/p>\n<p>\u201cBiyosidal \u00dcr\u00fcnler Y\u00f6netmeli\u011fi kapsam\u0131ndaki g\u00fcncel har\u00e7 \u00fccretleri ilgili linkten takip edebilirsiniz. &#8220;<\/p>\n","protected":false},"excerpt":{"rendered":"<p>Ruhsatland\u0131rma bizim i\u015fimiz, size yard\u0131mc\u0131 olal\u0131m. Academy Anatolia, ruhsatland\u0131rma alan\u0131nda uzman kadrosu ile farmas\u00f6tik, t\u0131bbi cihaz, veteriner ila\u00e7, kozmetik ve sa\u011fl\u0131k \u00fcr\u00fcnleri \u00fczerine e\u011fitim ve dan\u0131\u015fmanl\u0131k hizmeti sunmaktad\u0131r. M\u00fc\u015fterilerimizin ihtiya\u00e7lar\u0131 do\u011frultusunda esnek olarak sundu\u011fumuz profesyonel servislerimiz: Be\u015feri T\u0131bbi \u00dcr\u00fcnlerin Ruhsatland\u0131r\u0131lmas\u0131. Be\u015feri T\u0131bbi \u00dcr\u00fcn CTD Ba\u015fvuru dosyalar\u0131n\u0131n haz\u0131rlanmas\u0131 ve e-CTD ba\u015fvurular\u0131n\u0131n ger\u00e7ekle\u015ftirilmesi Ruhsat al\u0131m\u0131na kadar ba\u015fvurular\u0131n\u0131z\u0131n [&hellip;]<\/p>\n","protected":false},"author":1,"featured_media":0,"parent":0,"menu_order":0,"comment_status":"closed","ping_status":"closed","template":"","meta":{"footnotes":""},"class_list":["post-104","page","type-page","status-publish","hentry"],"_links":{"self":[{"href":"https:\/\/academyanatolia.com\/index.php?rest_route=\/wp\/v2\/pages\/104","targetHints":{"allow":["GET"]}}],"collection":[{"href":"https:\/\/academyanatolia.com\/index.php?rest_route=\/wp\/v2\/pages"}],"about":[{"href":"https:\/\/academyanatolia.com\/index.php?rest_route=\/wp\/v2\/types\/page"}],"author":[{"embeddable":true,"href":"https:\/\/academyanatolia.com\/index.php?rest_route=\/wp\/v2\/users\/1"}],"replies":[{"embeddable":true,"href":"https:\/\/academyanatolia.com\/index.php?rest_route=%2Fwp%2Fv2%2Fcomments&post=104"}],"version-history":[{"count":1,"href":"https:\/\/academyanatolia.com\/index.php?rest_route=\/wp\/v2\/pages\/104\/revisions"}],"predecessor-version":[{"id":105,"href":"https:\/\/academyanatolia.com\/index.php?rest_route=\/wp\/v2\/pages\/104\/revisions\/105"}],"wp:attachment":[{"href":"https:\/\/academyanatolia.com\/index.php?rest_route=%2Fwp%2Fv2%2Fmedia&parent=104"}],"curies":[{"name":"wp","href":"https:\/\/api.w.org\/{rel}","templated":true}]}}