{"id":58,"date":"2022-01-10T05:54:26","date_gmt":"2022-01-10T05:54:26","guid":{"rendered":"https:\/\/academyanatolia.com\/?page_id=58"},"modified":"2022-01-11T10:45:50","modified_gmt":"2022-01-11T10:45:50","slug":"egitimlerimiz","status":"publish","type":"page","link":"https:\/\/academyanatolia.com\/en\/?page_id=58","title":{"rendered":"TRAININGS"},"content":{"rendered":"<p>Trainings completed<\/p>\n<p>&nbsp;<\/p>\n<p>23-24 | Aral\u0131k | 2013<br \/>\nCTD Format\u0131nda Be\u015feri T\u0131bbi \u00dcr\u00fcn Ruhsat &amp; Varyason Ba\u015fvurusu Dosya Haz\u0131rlama ve e-CTD Ba\u015fvurular\u0131<\/p>\n<p>&nbsp;<\/p>\n<p>28-29 | Kas\u0131m | 2013<\/p>\n<p>\u0130xU &#8211; \u0130yi Klinik, Laboratuvar, Klinik Laboratuvar, \u0130malat ve Da\u011f\u0131t\u0131m Uygulamalar\u0131<\/p>\n<p>&nbsp;<\/p>\n<p>30-31 | May\u0131s | 2013<\/p>\n<p>Kalite Risk Y\u00f6netimi ve Risk Analiz Teknikleri<\/p>\n<p>&nbsp;<\/p>\n<p>27-28 | May\u0131s | 2013<\/p>\n<p>GMP &#8211; Good Manufacturing Practice ( \u0130yi \u0130malat Uygulamalar\u0131 )<\/p>\n<p>&nbsp;<\/p>\n<p>25-26 | May\u0131s | 2013<\/p>\n<p>CTD Format\u0131nda Be\u015feri T\u0131bbi \u00dcr\u00fcn Ruhsat &amp; Varyason Ba\u015fvurusu Dosya Haz\u0131rlama ve e-CTD Ba\u015fvurular\u0131<\/p>\n<p>&nbsp;<\/p>\n<p>16-17 | May\u0131s | 2013<\/p>\n<p>Ba\u015far\u0131l\u0131 Ar-Ge nin Yol Haritas\u0131 ve Ar-Ge de Verimlili\u011fin S\u0131rlar\u0131<\/p>\n<p>&nbsp;<\/p>\n<p>14-15 | May\u0131s | 2013<\/p>\n<p>Temel Proje Y\u00f6netimi<\/p>\n<p>&nbsp;<\/p>\n<p>11-12 | May\u0131s | 2013<\/p>\n<p>Veteriner T\u0131bbi \u00dcr\u00fcrnlerin Pazarlama \u0130zni &amp; De\u011fi\u015fiklik Ba\u015f.Dos. Haz.<\/p>\n<p>&nbsp;<\/p>\n<p>08 | May\u0131s | 2013<\/p>\n<p>Zaman Y\u00f6netimi<\/p>\n<p>&nbsp;<\/p>\n<p>07 | May\u0131s | 2013<\/p>\n<p>Etkili Tak\u0131m yaratma<\/p>\n<p>&nbsp;<\/p>\n<p>29-30 | Nisan | 2013<\/p>\n<p>Risk Bazli ve Yeni Yakla\u015f\u0131mla Temizlik Validasyonu<\/p>\n<p>&nbsp;<\/p>\n<p>25-26 | Nisan | 2013<\/p>\n<p>GLP &#8211; Good Laboratory Practices ( \u0130yi Laboratuvar Uygulamalar\u0131 )<\/p>\n<p>&nbsp;<\/p>\n<p>25-26 | \u015eubat | 2013<\/p>\n<p>Risk Bazl\u0131 ve Modern Kalifikasyon<\/p>\n<p>&nbsp;<\/p>\n<p>28-29 | Ocak | 2013<\/p>\n<p>Kalite Risk Y\u00f6netimi ve Risk Analizler Teknikleri<\/p>\n<p>&nbsp;<\/p>\n<p>06-07 | Aral\u0131k | 2012<\/p>\n<p>Temizlik Validasyonu ( CASE STUDY &amp; WORKSHOP )<\/p>\n<p>&nbsp;<\/p>\n<p>17-18 | Ekim | 2012<\/p>\n<p>Temel Proje Y\u00f6netimi<\/p>\n<p>&nbsp;<\/p>\n<p>15-16 | Ekim | 2012<\/p>\n<p>CTD Format\u0131nda \u0130la\u00e7 Ruhsat Dosyas\u0131 Haz\u0131rlama<\/p>\n<p>&nbsp;<\/p>\n<p>01-02 | Mart | 2012<\/p>\n<p>CTD Format\u0131nda \u0130la\u00e7 Ruhsat Dosyas\u0131 Haz\u0131rlama<\/p>\n<p>&nbsp;<\/p>\n<p>14 | \u015eubat | 2012<\/p>\n<p>Crisis Management in the Pharmaceutical Industyr ( \u0130la\u00e7 Sekt\u00f6r\u00fcnde Kriz Y\u00f6netimi )<\/p>\n<p>&nbsp;<\/p>\n<p>23 | Kas\u0131m | 2011<\/p>\n<p>Auditing &#8211; How to Prepare For Audit, How to Run Audit ( Denetim Yapmak, Denetime Haz\u0131r Olmak )<\/p>\n","protected":false},"excerpt":{"rendered":"<p>Trainings completed &nbsp; 23-24 | Aral\u0131k | 2013 CTD Format\u0131nda Be\u015feri T\u0131bbi \u00dcr\u00fcn Ruhsat &amp; Varyason Ba\u015fvurusu Dosya Haz\u0131rlama ve e-CTD Ba\u015fvurular\u0131 &nbsp; 28-29 | Kas\u0131m | 2013 \u0130xU &#8211; \u0130yi Klinik, Laboratuvar, Klinik Laboratuvar, \u0130malat ve Da\u011f\u0131t\u0131m Uygulamalar\u0131 &nbsp; 30-31 | May\u0131s | 2013 Kalite Risk Y\u00f6netimi ve Risk Analiz Teknikleri &nbsp; 27-28 | [&hellip;]<\/p>\n","protected":false},"author":1,"featured_media":0,"parent":0,"menu_order":0,"comment_status":"closed","ping_status":"closed","template":"","meta":{"footnotes":""},"class_list":["post-58","page","type-page","status-publish","hentry"],"_links":{"self":[{"href":"https:\/\/academyanatolia.com\/en\/index.php?rest_route=\/wp\/v2\/pages\/58","targetHints":{"allow":["GET"]}}],"collection":[{"href":"https:\/\/academyanatolia.com\/en\/index.php?rest_route=\/wp\/v2\/pages"}],"about":[{"href":"https:\/\/academyanatolia.com\/en\/index.php?rest_route=\/wp\/v2\/types\/page"}],"author":[{"embeddable":true,"href":"https:\/\/academyanatolia.com\/en\/index.php?rest_route=\/wp\/v2\/users\/1"}],"replies":[{"embeddable":true,"href":"https:\/\/academyanatolia.com\/en\/index.php?rest_route=%2Fwp%2Fv2%2Fcomments&post=58"}],"version-history":[{"count":7,"href":"https:\/\/academyanatolia.com\/en\/index.php?rest_route=\/wp\/v2\/pages\/58\/revisions"}],"predecessor-version":[{"id":158,"href":"https:\/\/academyanatolia.com\/en\/index.php?rest_route=\/wp\/v2\/pages\/58\/revisions\/158"}],"wp:attachment":[{"href":"https:\/\/academyanatolia.com\/en\/index.php?rest_route=%2Fwp%2Fv2%2Fmedia&parent=58"}],"curies":[{"name":"wp","href":"https:\/\/api.w.org\/{rel}","templated":true}]}}