{"id":15,"date":"2022-01-10T05:27:13","date_gmt":"2022-01-10T05:27:13","guid":{"rendered":"https:\/\/academyanatolia.com\/?page_id=15"},"modified":"2022-01-11T10:44:34","modified_gmt":"2022-01-11T10:44:34","slug":"ana-sayfa","status":"publish","type":"page","link":"https:\/\/academyanatolia.com\/en\/","title":{"rendered":"Ana Sayfa"},"content":{"rendered":"\t\t<div data-elementor-type=\"wp-page\" data-elementor-id=\"15\" class=\"elementor elementor-15\" data-elementor-post-type=\"page\">\n\t\t\t\t\t\t<section class=\"elementor-section elementor-top-section elementor-element elementor-element-97b6c2b elementor-section-full_width elementor-section-height-default elementor-section-height-default\" data-id=\"97b6c2b\" data-element_type=\"section\">\n\t\t\t\t\t\t<div class=\"elementor-container elementor-column-gap-no\">\n\t\t\t\t\t<div class=\"elementor-column elementor-col-100 elementor-top-column elementor-element elementor-element-a4d1229\" data-id=\"a4d1229\" data-element_type=\"column\">\n\t\t\t<div class=\"elementor-widget-wrap elementor-element-populated\">\n\t\t\t\t\t\t<div class=\"elementor-element elementor-element-32b0160 elementor--h-position-center elementor--v-position-middle elementor-arrows-position-inside elementor-pagination-position-inside elementor-widget elementor-widget-slides\" data-id=\"32b0160\" data-element_type=\"widget\" data-settings=\"{&quot;navigation&quot;:&quot;both&quot;,&quot;autoplay&quot;:&quot;yes&quot;,&quot;pause_on_hover&quot;:&quot;yes&quot;,&quot;pause_on_interaction&quot;:&quot;yes&quot;,&quot;autoplay_speed&quot;:5000,&quot;infinite&quot;:&quot;yes&quot;,&quot;transition&quot;:&quot;slide&quot;,&quot;transition_speed&quot;:500}\" data-widget_type=\"slides.default\">\n\t\t\t\t<div class=\"elementor-widget-container\">\n\t\t\t\t\t\t\t\t\t<div class=\"elementor-swiper\">\n\t\t\t\t\t<div class=\"elementor-slides-wrapper elementor-main-swiper swiper\" role=\"region\" aria-roledescription=\"carousel\" aria-label=\"Slides\" dir=\"ltr\" data-animation=\"fadeInUp\">\n\t\t\t\t<div class=\"swiper-wrapper elementor-slides\">\n\t\t\t\t\t\t\t\t\t\t<div class=\"elementor-repeater-item-0344092 swiper-slide\" role=\"group\" aria-roledescription=\"slide\"><div class=\"swiper-slide-bg\" role=\"img\"><\/div><div class=\"swiper-slide-inner\" ><div class=\"swiper-slide-contents\"><\/div><\/div><\/div><div class=\"elementor-repeater-item-5f8904d swiper-slide\" role=\"group\" aria-roledescription=\"slide\"><div class=\"swiper-slide-bg\" role=\"img\"><\/div><div class=\"swiper-slide-inner\" ><div class=\"swiper-slide-contents\"><\/div><\/div><\/div><div class=\"elementor-repeater-item-a6d923c swiper-slide\" role=\"group\" aria-roledescription=\"slide\"><div class=\"swiper-slide-bg\" role=\"img\"><\/div><div class=\"swiper-slide-inner\" ><div class=\"swiper-slide-contents\"><\/div><\/div><\/div>\t\t\t\t<\/div>\n\t\t\t\t\t\t\t\t\t\t\t\t\t\t\t<div class=\"elementor-swiper-button elementor-swiper-button-prev\" role=\"button\" tabindex=\"0\" aria-label=\"Previous slide\">\n\t\t\t\t\t\t\t<i aria-hidden=\"true\" class=\"eicon-chevron-left\"><\/i>\t\t\t\t\t\t<\/div>\n\t\t\t\t\t\t<div class=\"elementor-swiper-button elementor-swiper-button-next\" role=\"button\" tabindex=\"0\" aria-label=\"Next slide\">\n\t\t\t\t\t\t\t<i aria-hidden=\"true\" class=\"eicon-chevron-right\"><\/i>\t\t\t\t\t\t<\/div>\n\t\t\t\t\t\t\t\t\t\t\t\t\t\t\t\t<div class=\"swiper-pagination\"><\/div>\n\t\t\t\t\t\t\t\t\t\t\t\t<\/div>\n\t\t\t\t<\/div>\n\t\t\t\t\t\t\t\t<\/div>\n\t\t\t\t<\/div>\n\t\t\t\t\t<\/div>\n\t\t<\/div>\n\t\t\t\t\t<\/div>\n\t\t<\/section>\n\t\t\t\t<section class=\"elementor-section elementor-top-section elementor-element elementor-element-9b766c4 elementor-section-boxed elementor-section-height-default elementor-section-height-default\" data-id=\"9b766c4\" data-element_type=\"section\">\n\t\t\t\t\t\t<div class=\"elementor-container elementor-column-gap-default\">\n\t\t\t\t\t<div class=\"elementor-column elementor-col-100 elementor-top-column elementor-element elementor-element-697688e\" data-id=\"697688e\" data-element_type=\"column\">\n\t\t\t<div class=\"elementor-widget-wrap elementor-element-populated\">\n\t\t\t\t\t\t<div class=\"elementor-element elementor-element-001900f elementor-widget elementor-widget-text-editor\" data-id=\"001900f\" data-element_type=\"widget\" data-widget_type=\"text-editor.default\">\n\t\t\t\t<div class=\"elementor-widget-container\">\n\t\t\t\t\t\t\t\t\t<p>ACT\u0130V\u0130T\u0130ES<\/p><p>Our company is specialized in the field of symposia, seminars, workshops, face-to-face training and in-service training sectors. Particularly in the healthcare and pharmaceutical sector, organizes seminars and trainings to meet the needs of different sectors. This seminars and trainings are given by local and foreign consultants and educators that are expert in their area.<\/p><p>TRAN\u0130NGS<\/p><p>Particularly in the healthcare and pharmaceutical sector, organizes seminars and trainings to meet the needs of different sectors by expert consultants and educators in firm and in service training.<\/p><p>\u00a0<\/p><p>REGULATORY AFFA\u0130RS<\/p><p>Our team of experts that are dynamic and well trained and have been working with high experience and superior service. Medicinal products for human use with medical device\u2019s which is status equivalent at pharmaceutical and medical device companies in the country and abroad provides consulting services in the field of regulatory affairs at every stage.<\/p><p>CTD Registration application files and e-CTD application including the modules 1-5 according to the requirements of the Ministry of Health<br \/>Evaluation reports identifying the deficiencies of the registration application files and providing technical assistance to the marketing authorization\/licence holder in completing the information and documents that may be required by the Ministry of Health and follow-up until the approval from pre-inspection commission<\/p><p>Type I (A-B) and II (Quality, Clinical) variation application files of the human medicinal product according to the current Variation Guideline of the Ministry of Health<\/p><p>SmPC and PIL according to the current Guideline and SOPs of the Ministry of Health<\/p><p>GMP inspection files before the registration application Application files for the analysis of human medicinal products which require analysis following registration applications or related variation applications<\/p><p>Registration renewal files of registered products<\/p><p>Co-Marketing application files<\/p>\t\t\t\t\t\t\t\t<\/div>\n\t\t\t\t<\/div>\n\t\t\t\t\t<\/div>\n\t\t<\/div>\n\t\t\t\t\t<\/div>\n\t\t<\/section>\n\t\t\t\t<\/div>\n\t\t","protected":false},"excerpt":{"rendered":"<p>Previous Next ACT\u0130V\u0130T\u0130ES Our company is specialized in the field of symposia, seminars, workshops, face-to-face training and in-service training sectors. Particularly in the healthcare and pharmaceutical sector, organizes seminars and trainings to meet the needs of different sectors. This seminars and trainings are given by local and foreign consultants and educators that are expert in [&hellip;]<\/p>\n","protected":false},"author":1,"featured_media":0,"parent":0,"menu_order":0,"comment_status":"closed","ping_status":"closed","template":"","meta":{"footnotes":""},"class_list":["post-15","page","type-page","status-publish","hentry"],"_links":{"self":[{"href":"https:\/\/academyanatolia.com\/en\/index.php?rest_route=\/wp\/v2\/pages\/15","targetHints":{"allow":["GET"]}}],"collection":[{"href":"https:\/\/academyanatolia.com\/en\/index.php?rest_route=\/wp\/v2\/pages"}],"about":[{"href":"https:\/\/academyanatolia.com\/en\/index.php?rest_route=\/wp\/v2\/types\/page"}],"author":[{"embeddable":true,"href":"https:\/\/academyanatolia.com\/en\/index.php?rest_route=\/wp\/v2\/users\/1"}],"replies":[{"embeddable":true,"href":"https:\/\/academyanatolia.com\/en\/index.php?rest_route=%2Fwp%2Fv2%2Fcomments&post=15"}],"version-history":[{"count":13,"href":"https:\/\/academyanatolia.com\/en\/index.php?rest_route=\/wp\/v2\/pages\/15\/revisions"}],"predecessor-version":[{"id":155,"href":"https:\/\/academyanatolia.com\/en\/index.php?rest_route=\/wp\/v2\/pages\/15\/revisions\/155"}],"wp:attachment":[{"href":"https:\/\/academyanatolia.com\/en\/index.php?rest_route=%2Fwp%2Fv2%2Fmedia&parent=15"}],"curies":[{"name":"wp","href":"https:\/\/api.w.org\/{rel}","templated":true}]}}